{"id":41,"date":"2018-05-24T11:23:55","date_gmt":"2018-05-24T11:23:55","guid":{"rendered":"http:\/\/localhost\/kvit\/?page_id=41\/"},"modified":"2018-11-23T11:07:55","modified_gmt":"2018-11-23T09:07:55","slug":"contacts","status":"publish","type":"page","link":"https:\/\/kvjatkovskaklinika.lv\/ru\/contacts\/","title":{"rendered":"\u041a\u043e\u043d\u0442\u0430\u043a\u0442\u044b"},"content":{"rendered":"<h1>\u041a\u043e\u043d\u0442\u0430\u043a\u0442\u044b<\/h1>\n<p>Daktera S.Kvjatkovska zob\u0101rstniec\u012bbas kl\u012bnika SIA<br \/>\nT\u0113rbatas iela 93\/95,<br \/>\nRiga, Latvija<\/p>\n<p>\u0417\u0430\u043f\u0438\u0441\u044c \u043f\u043e \u0442\u0435\u043b\u0435\u0444\u043e\u043d\u0443:<\/p>\n<div class=\"contacts-info\">\n\t\t<div class=\"contacts-phones\">\n\t\t\t\t<div class=\"contacts-phone\">\n\t\t\t<div class=\"contacts-phone-name\">\u0410\u043b\u0435\u043a\u0441\u0430\u043d\u0434\u0440 \u041a\u0432\u044f\u0442\u043a\u043e\u0432\u0441\u043a\u0438\u0439<\/div>\n\t\t\t<div class=\"contacts-phone-list\">\n\t\t\t\t<ul>\n\t\t\t\t\t\t\t\t\t\t<li><a href=\"tel:%2B37126997916\"><i class=\"fas fa-phone-square\"><\/i> 26997916<\/a><\/li>\n\t\t\t\t\t\t\t\t\t\t\t\t\t\t<\/ul>\n\t\t\t<\/div>\n\t\t<\/div>\n\t\t\t\t<div class=\"contacts-phone\">\n\t\t\t<div class=\"contacts-phone-name\">\u0421\u0435\u0440\u0433\u0435\u0439 \u041a\u0432\u044f\u0442\u043a\u043e\u0432\u0441\u043a\u0438\u0439<\/div>\n\t\t\t<div class=\"contacts-phone-list\">\n\t\t\t\t<ul>\n\t\t\t\t\t\t\t\t\t\t<li><a href=\"tel:%2B37129279876\"><i class=\"fas fa-phone-square\"><\/i> 29279876<\/a><\/li>\n\t\t\t\t\t\t\t\t\t\t\t\t\t\t\t<li><a href=\"tel:%2B37129451086\">29451086<\/a><\/li>\n\t\t\t\t\t\t\t\t\t<\/ul>\n\t\t\t<\/div>\n\t\t<\/div>\n\t\t\t\t<div class=\"contacts-phone\">\n\t\t\t<div class=\"contacts-phone-name\">\u0421\u0432\u0435\u0442\u043b\u0430\u043d\u0430 \u041a\u0432\u044f\u0442\u043a\u043e\u0432\u0441\u043a\u0430\u044f<\/div>\n\t\t\t<div class=\"contacts-phone-list\">\n\t\t\t\t<ul>\n\t\t\t\t\t\t\t\t\t\t<li><a href=\"tel:%2B37122400374\"><i class=\"fas fa-phone-square\"><\/i> 22400374<\/a><\/li>\n\t\t\t\t\t\t\t\t\t\t\t\t\t\t<\/ul>\n\t\t\t<\/div>\n\t\t<\/div>\n\t\t\t\t<div class=\"contacts-phone\">\n\t\t\t<div class=\"contacts-phone-name\">\u0412\u0430\u043b\u0435\u043d\u0442\u0438\u043d\u0430 \u0428\u0435\u0432\u043a\u0443\u043d\u043e\u0432\u0430<\/div>\n\t\t\t<div class=\"contacts-phone-list\">\n\t\t\t\t<ul>\n\t\t\t\t\t\t\t\t\t\t<li><a href=\"tel:%2B37129238755\"><i class=\"fas fa-phone-square\"><\/i> 29238755<\/a><\/li>\n\t\t\t\t\t\t\t\t\t\t\t\t\t\t\t<li><a href=\"tel:%2B37129451086\">29451086<\/a><\/li>\n\t\t\t\t\t\t\t\t\t<\/ul>\n\t\t\t<\/div>\n\t\t<\/div>\n\t\t\t<\/div>\n\t\t<nav class=\"nav nav--contacts\">\n\t\t<ul>\n\t\t\t\t\t\t<li><a href=\"mailto:&#105;&#110;f&#111;&#64;&#107;vja&#116;k&#111;v&#115;&#107;&#97;k&#108;i&#110;&#105;ka&#46;lv\"><i class=\"fas fa-envelope\"><\/i> in&#102;o&#64;k&#118;ja&#116;&#107;&#111;vsk&#97;&#107;&#108;&#105;n&#105;&#107;&#97;&#46;lv<\/a><\/li>\n\t\t\t\t\t<\/ul>\n\t<\/nav>\n<\/div>\n\n","protected":false},"excerpt":{"rendered":"<p>\u041a\u043e\u043d\u0442\u0430\u043a\u0442\u044b Daktera S.Kvjatkovska zob\u0101rstniec\u012bbas kl\u012bnika SIA T\u0113rbatas iela 93\/95, Riga, Latvija \u0417\u0430\u043f\u0438\u0441\u044c \u043f\u043e \u0442\u0435\u043b\u0435\u0444\u043e\u043d\u0443:<\/p>\n","protected":false},"author":1,"featured_media":0,"parent":0,"menu_order":0,"comment_status":"closed","ping_status":"closed","template":"templates\/contacts.php","meta":{"_acf_changed":false,"footnotes":""},"class_list":["post-41","page","type-page","status-publish","hentry"],"acf":[],"yoast_head":"<!-- This site is optimized with the Yoast SEO plugin v26.6 - https:\/\/yoast.com\/wordpress\/plugins\/seo\/ -->\n<title>\u041a\u043e\u043d\u0442\u0430\u043a\u0442\u044b - Kvjatkovska Klinika<\/title>\n<meta name=\"robots\" content=\"index, follow, max-snippet:-1, max-image-preview:large, max-video-preview:-1\" \/>\n<link rel=\"canonical\" href=\"https:\/\/kvjatkovskaklinika.lv\/ru\/contacts\/\" \/>\n<meta property=\"og:locale\" content=\"ru_RU\" \/>\n<meta property=\"og:type\" content=\"article\" \/>\n<meta property=\"og:title\" content=\"\u041a\u043e\u043d\u0442\u0430\u043a\u0442\u044b - Kvjatkovska Klinika\" \/>\n<meta property=\"og:description\" content=\"\u041a\u043e\u043d\u0442\u0430\u043a\u0442\u044b Daktera S.Kvjatkovska zob\u0101rstniec\u012bbas kl\u012bnika SIA T\u0113rbatas iela 93\/95, Riga, Latvija \u0417\u0430\u043f\u0438\u0441\u044c \u043f\u043e \u0442\u0435\u043b\u0435\u0444\u043e\u043d\u0443:\" \/>\n<meta property=\"og:url\" content=\"https:\/\/kvjatkovskaklinika.lv\/ru\/contacts\/\" \/>\n<meta property=\"og:site_name\" content=\"Kvjatkovska Klinika\" \/>\n<meta property=\"article:modified_time\" content=\"2018-11-23T09:07:55+00:00\" \/>\n<meta name=\"twitter:card\" content=\"summary_large_image\" \/>\n<script type=\"application\/ld+json\" class=\"yoast-schema-graph\">{\"@context\":\"https:\/\/schema.org\",\"@graph\":[{\"@type\":\"WebPage\",\"@id\":\"https:\/\/kvjatkovskaklinika.lv\/ru\/contacts\/\",\"url\":\"https:\/\/kvjatkovskaklinika.lv\/ru\/contacts\/\",\"name\":\"\u041a\u043e\u043d\u0442\u0430\u043a\u0442\u044b - Kvjatkovska Klinika\",\"isPartOf\":{\"@id\":\"https:\/\/kvjatkovskaklinika.lv\/#website\"},\"datePublished\":\"2018-05-24T11:23:55+00:00\",\"dateModified\":\"2018-11-23T09:07:55+00:00\",\"breadcrumb\":{\"@id\":\"https:\/\/kvjatkovskaklinika.lv\/ru\/contacts\/#breadcrumb\"},\"inLanguage\":\"ru-RU\",\"potentialAction\":[{\"@type\":\"ReadAction\",\"target\":[\"https:\/\/kvjatkovskaklinika.lv\/ru\/contacts\/\"]}]},{\"@type\":\"BreadcrumbList\",\"@id\":\"https:\/\/kvjatkovskaklinika.lv\/ru\/contacts\/#breadcrumb\",\"itemListElement\":[{\"@type\":\"ListItem\",\"position\":1,\"name\":\"Home\",\"item\":\"https:\/\/kvjatkovskaklinika.lv\/ru\/\"},{\"@type\":\"ListItem\",\"position\":2,\"name\":\"\u041a\u043e\u043d\u0442\u0430\u043a\u0442\u044b\"}]},{\"@type\":\"WebSite\",\"@id\":\"https:\/\/kvjatkovskaklinika.lv\/#website\",\"url\":\"https:\/\/kvjatkovskaklinika.lv\/\",\"name\":\"Kvjatkovska Klinika\",\"description\":\"Kvjatkovska Klinika\",\"potentialAction\":[{\"@type\":\"SearchAction\",\"target\":{\"@type\":\"EntryPoint\",\"urlTemplate\":\"https:\/\/kvjatkovskaklinika.lv\/?s={search_term_string}\"},\"query-input\":{\"@type\":\"PropertyValueSpecification\",\"valueRequired\":true,\"valueName\":\"search_term_string\"}}],\"inLanguage\":\"ru-RU\"}]}<\/script>\n<!-- \/ Yoast SEO plugin. -->","yoast_head_json":{"title":"\u041a\u043e\u043d\u0442\u0430\u043a\u0442\u044b - Kvjatkovska Klinika","robots":{"index":"index","follow":"follow","max-snippet":"max-snippet:-1","max-image-preview":"max-image-preview:large","max-video-preview":"max-video-preview:-1"},"canonical":"https:\/\/kvjatkovskaklinika.lv\/ru\/contacts\/","og_locale":"ru_RU","og_type":"article","og_title":"\u041a\u043e\u043d\u0442\u0430\u043a\u0442\u044b - Kvjatkovska Klinika","og_description":"\u041a\u043e\u043d\u0442\u0430\u043a\u0442\u044b Daktera S.Kvjatkovska zob\u0101rstniec\u012bbas kl\u012bnika SIA T\u0113rbatas iela 93\/95, Riga, Latvija \u0417\u0430\u043f\u0438\u0441\u044c \u043f\u043e \u0442\u0435\u043b\u0435\u0444\u043e\u043d\u0443:","og_url":"https:\/\/kvjatkovskaklinika.lv\/ru\/contacts\/","og_site_name":"Kvjatkovska Klinika","article_modified_time":"2018-11-23T09:07:55+00:00","twitter_card":"summary_large_image","schema":{"@context":"https:\/\/schema.org","@graph":[{"@type":"WebPage","@id":"https:\/\/kvjatkovskaklinika.lv\/ru\/contacts\/","url":"https:\/\/kvjatkovskaklinika.lv\/ru\/contacts\/","name":"\u041a\u043e\u043d\u0442\u0430\u043a\u0442\u044b - Kvjatkovska Klinika","isPartOf":{"@id":"https:\/\/kvjatkovskaklinika.lv\/#website"},"datePublished":"2018-05-24T11:23:55+00:00","dateModified":"2018-11-23T09:07:55+00:00","breadcrumb":{"@id":"https:\/\/kvjatkovskaklinika.lv\/ru\/contacts\/#breadcrumb"},"inLanguage":"ru-RU","potentialAction":[{"@type":"ReadAction","target":["https:\/\/kvjatkovskaklinika.lv\/ru\/contacts\/"]}]},{"@type":"BreadcrumbList","@id":"https:\/\/kvjatkovskaklinika.lv\/ru\/contacts\/#breadcrumb","itemListElement":[{"@type":"ListItem","position":1,"name":"Home","item":"https:\/\/kvjatkovskaklinika.lv\/ru\/"},{"@type":"ListItem","position":2,"name":"\u041a\u043e\u043d\u0442\u0430\u043a\u0442\u044b"}]},{"@type":"WebSite","@id":"https:\/\/kvjatkovskaklinika.lv\/#website","url":"https:\/\/kvjatkovskaklinika.lv\/","name":"Kvjatkovska Klinika","description":"Kvjatkovska Klinika","potentialAction":[{"@type":"SearchAction","target":{"@type":"EntryPoint","urlTemplate":"https:\/\/kvjatkovskaklinika.lv\/?s={search_term_string}"},"query-input":{"@type":"PropertyValueSpecification","valueRequired":true,"valueName":"search_term_string"}}],"inLanguage":"ru-RU"}]}},"_links":{"self":[{"href":"https:\/\/kvjatkovskaklinika.lv\/ru\/wp-json\/wp\/v2\/pages\/41","targetHints":{"allow":["GET"]}}],"collection":[{"href":"https:\/\/kvjatkovskaklinika.lv\/ru\/wp-json\/wp\/v2\/pages"}],"about":[{"href":"https:\/\/kvjatkovskaklinika.lv\/ru\/wp-json\/wp\/v2\/types\/page"}],"author":[{"embeddable":true,"href":"https:\/\/kvjatkovskaklinika.lv\/ru\/wp-json\/wp\/v2\/users\/1"}],"replies":[{"embeddable":true,"href":"https:\/\/kvjatkovskaklinika.lv\/ru\/wp-json\/wp\/v2\/comments?post=41"}],"version-history":[{"count":8,"href":"https:\/\/kvjatkovskaklinika.lv\/ru\/wp-json\/wp\/v2\/pages\/41\/revisions"}],"predecessor-version":[{"id":338,"href":"https:\/\/kvjatkovskaklinika.lv\/ru\/wp-json\/wp\/v2\/pages\/41\/revisions\/338"}],"wp:attachment":[{"href":"https:\/\/kvjatkovskaklinika.lv\/ru\/wp-json\/wp\/v2\/media?parent=41"}],"curies":[{"name":"wp","href":"https:\/\/api.w.org\/{rel}","templated":true}]}}